{"id":75,"date":"2020-01-27T08:29:32","date_gmt":"2020-01-27T07:29:32","guid":{"rendered":"https:\/\/demosites.io\/web-agency-gb\/?page_id=75"},"modified":"2022-01-28T12:40:24","modified_gmt":"2022-01-28T11:40:24","slug":"15c42-web-agency-gb-contact-us","status":"publish","type":"page","link":"http:\/\/trekab.se\/index.php\/15c42-web-agency-gb-contact-us\/","title":{"rendered":"Kontakt"},"content":{"rendered":"\n<div class=\"wp-block-cover alignfull has-nv-dark-bg-background-color has-background-dim\" style=\"min-height:600px\"><div class=\"wp-block-cover__inner-container\">\n<div style=\"height:100px\" aria-hidden=\"true\" class=\"wp-block-spacer\"><\/div>\n\n\n\n<h2><\/h2>\n\n\n\n<h2 class=\"has-text-align-center has-nv-text-dark-bg-color has-text-color\">Jag diskuterar g\u00e4rna&nbsp;dina utmaningar och m\u00f6jligheter!<\/h2>\n\n\n\n<div class=\"wp-block-group\"><div class=\"wp-block-group__inner-container\">\n<div class=\"wp-block-columns\">\n<div class=\"wp-block-column\"><\/div>\n<\/div>\n\n\n\n<p><\/p>\n<\/div><\/div>\n\n\n\n<div class=\"wp-block-columns\">\n<div class=\"wp-block-column\" style=\"flex-basis:100%\">\n<div class=\"wp-block-columns\"><\/div>\n<\/div>\n<\/div>\n\n\n\n<div class=\"wp-block-columns\">\n<div class=\"wp-block-column\">\n<div class=\"wp-block-image is-style-rounded\"><figure class=\"aligncenter size-large is-resized\"><a href=\"http:\/\/trekab.se\/wp-content\/uploads\/2021\/03\/8H9A6645-2.jpg\"><img loading=\"lazy\" src=\"http:\/\/trekab.se\/wp-content\/uploads\/2021\/03\/8H9A6645-2.jpg\" alt=\"\" class=\"wp-image-1216\" width=\"328\" height=\"328\" srcset=\"http:\/\/trekab.se\/wp-content\/uploads\/2021\/03\/8H9A6645-2.jpg 1000w, http:\/\/trekab.se\/wp-content\/uploads\/2021\/03\/8H9A6645-2-300x300.jpg 300w, http:\/\/trekab.se\/wp-content\/uploads\/2021\/03\/8H9A6645-2-150x150.jpg 150w, http:\/\/trekab.se\/wp-content\/uploads\/2021\/03\/8H9A6645-2-768x768.jpg 768w\" sizes=\"(max-width: 328px) 100vw, 328px\" \/><\/a><figcaption><span class=\"has-inline-color has-nv-site-bg-color\"><strong>Karin Dahlgren<\/strong><br><br>Jag ser fram emot att f\u00e5 h\u00f6ra fr\u00e5n dig,<br>skicka ett mail s\u00e5 svarar jag s\u00e5 fort jag kan!<br><br>Vi h\u00f6rs! &#x1f44b;<\/span><\/figcaption><\/figure><\/div>\n<\/div>\n<\/div>\n<\/div><\/div>\n\n\n\n<div class=\"wp-block-cover alignfull has-nv-site-bg-background-color has-background-dim\" style=\"min-height:300px\"><div class=\"wp-block-cover__inner-container\">\n<div style=\"height:59px\" aria-hidden=\"true\" class=\"wp-block-spacer\"><\/div>\n\n\n\n<div class=\"wp-block-columns\">\n<div class=\"wp-block-column ticss-4ce656f1\">\n<div style=\"height:24px\" aria-hidden=\"true\" class=\"wp-block-spacer\"><\/div>\n\n\n\n<hr class=\"wp-block-separator has-text-color has-background has-neve-link-hover-color-background-color has-neve-link-hover-color-color\"\/>\n\n\n\n<h3 class=\"has-text-align-center has-neve-link-hover-color-color has-text-color\" id=\"block-4457205e-3502-4814-919d-c7621f6a8f0f\"><i class=\"wp-svg-phone phone\"><\/i><\/h3>\n\n\n\n<h3 class=\"has-text-align-center has-neve-text-color-color has-text-color\">Telefon<\/h3>\n\n\n\n<p class=\"has-text-align-center has-neve-text-color-color has-text-color\" style=\"font-size:15px\">0730-56 04 21<\/p>\n\n\n\n<div style=\"height:24px\" aria-hidden=\"true\" class=\"wp-block-spacer\"><\/div>\n<\/div>\n\n\n\n<div class=\"wp-block-column ticss-f6fc7494\">\n<div style=\"height:24px\" aria-hidden=\"true\" class=\"wp-block-spacer\"><\/div>\n\n\n\n<hr class=\"wp-block-separator has-text-color has-background has-neve-link-hover-color-background-color has-neve-link-hover-color-color\"\/>\n\n\n\n<h3 class=\"has-text-align-center has-neve-link-hover-color-color has-text-color\" id=\"block-4457205e-3502-4814-919d-c7621f6a8f0f\"><i class=\"wp-svg-envelop envelop\"><\/i><\/h3>\n\n\n\n<h3 class=\"has-text-align-center has-neve-text-color-color has-text-color\">Email<\/h3>\n\n\n\n<p class=\"has-text-align-center has-neve-text-color-color has-text-color\" style=\"font-size:15px\"><a href=\"mailto:karin.dahlgren@trekconsulting.se\">karin.dahlgren@trekconsulting.se<\/a><\/p>\n\n\n\n<div style=\"height:24px\" aria-hidden=\"true\" class=\"wp-block-spacer\"><\/div>\n<\/div>\n\n\n\n<div class=\"wp-block-column ticss-a5b4df29\">\n<div style=\"height:24px\" aria-hidden=\"true\" class=\"wp-block-spacer\"><\/div>\n\n\n\n<hr class=\"wp-block-separator has-text-color has-background has-neve-link-hover-color-background-color has-neve-link-hover-color-color\"\/>\n\n\n\n<h3 class=\"has-text-align-center has-neve-link-hover-color-color has-text-color\" id=\"block-4457205e-3502-4814-919d-c7621f6a8f0f\"><i class=\"wp-svg-location location\"><\/i><\/h3>\n\n\n\n<h3 class=\"has-text-align-center has-neve-text-color-color has-text-color\">Kontor<\/h3>\n\n\n\n<p class=\"has-text-align-center has-neve-text-color-color has-text-color\" style=\"font-size:15px\">Birger Svenssons v\u00e4g 16F<br>Varberg<\/p>\n\n\n\n<div style=\"height:24px\" aria-hidden=\"true\" class=\"wp-block-spacer\"><\/div>\n<\/div>\n<\/div>\n<\/div><\/div>\n\n\n\n<div class=\"wp-block-columns\">\n<div class=\"wp-block-column\"><\/div>\n<\/div>\n\n\n\n<p><\/p>\n","protected":false},"excerpt":{"rendered":"","protected":false},"author":6,"featured_media":0,"parent":0,"menu_order":0,"comment_status":"closed","ping_status":"closed","template":"","meta":{"neve_meta_sidebar":"default","neve_meta_container":"","neve_meta_enable_content_width":"on","neve_meta_content_width":100,"neve_meta_title_alignment":"","neve_meta_author_avatar":"","neve_post_elements_order":"","neve_meta_disable_header":"","neve_meta_disable_footer":"","neve_meta_disable_title":"on","_ti_tpc_template_sync":false,"_ti_tpc_template_id":"zuvhy18wufi8o2qqt4z7"},"_links":{"self":[{"href":"http:\/\/trekab.se\/index.php\/wp-json\/wp\/v2\/pages\/75"}],"collection":[{"href":"http:\/\/trekab.se\/index.php\/wp-json\/wp\/v2\/pages"}],"about":[{"href":"http:\/\/trekab.se\/index.php\/wp-json\/wp\/v2\/types\/page"}],"author":[{"embeddable":true,"href":"http:\/\/trekab.se\/index.php\/wp-json\/wp\/v2\/users\/6"}],"replies":[{"embeddable":true,"href":"http:\/\/trekab.se\/index.php\/wp-json\/wp\/v2\/comments?post=75"}],"version-history":[{"count":21,"href":"http:\/\/trekab.se\/index.php\/wp-json\/wp\/v2\/pages\/75\/revisions"}],"predecessor-version":[{"id":1286,"href":"http:\/\/trekab.se\/index.php\/wp-json\/wp\/v2\/pages\/75\/revisions\/1286"}],"wp:attachment":[{"href":"http:\/\/trekab.se\/index.php\/wp-json\/wp\/v2\/media?parent=75"}],"curies":[{"name":"wp","href":"https:\/\/api.w.org\/{rel}","templated":true}]}}