{"id":69,"date":"2020-01-27T08:05:29","date_gmt":"2020-01-27T07:05:29","guid":{"rendered":"https:\/\/demosites.io\/web-agency-gb\/?page_id=69"},"modified":"2021-03-05T18:29:25","modified_gmt":"2021-03-05T17:29:25","slug":"15c42-web-agency-gb-portfolio","status":"publish","type":"page","link":"http:\/\/trekab.se\/index.php\/15c42-web-agency-gb-portfolio\/","title":{"rendered":"Referens"},"content":{"rendered":"\n<div class=\"wp-block-cover alignfull has-background-dim-30 has-nv-light-bg-background-color has-background-dim\" style=\"background-image:url(http:\/\/trekab.se\/wp-content\/uploads\/2011\/10\/H4B9952_1-e1447861186333.jpg);min-height:337px\"><div class=\"wp-block-cover__inner-container\">\n<div class=\"wp-block-group\"><div class=\"wp-block-group__inner-container\"><\/div><\/div>\n<\/div><\/div>\n\n\n\n<div class=\"wp-block-cover alignfull has-nv-dark-bg-background-color has-background-dim\" style=\"min-height:300px\"><div class=\"wp-block-cover__inner-container\">\n<div style=\"height:100px\" aria-hidden=\"true\" class=\"wp-block-spacer\"><\/div>\n\n\n\n<h1 class=\"has-text-align-center has-nv-site-bg-color has-text-color\">Referens<\/h1>\n\n\n\n<div style=\"height:50px\" aria-hidden=\"true\" class=\"wp-block-spacer\"><\/div>\n\n\n\n<div class=\"wp-block-group\"><div class=\"wp-block-group__inner-container\">\n<p class=\"has-text-align-center has-nv-site-bg-color has-text-color\">TreK Consulting\/vi har arbetat med s\u00e5v\u00e4l stora svenska och internationella tillverkande&nbsp;f\u00f6retag som&nbsp;mindre privata och tj\u00e4nstef\u00f6retag samt offentliga verksamhet.&nbsp;Vill du veta mer om v\u00e5ra uppdrag och referenser \u2013 kontakta oss g\u00e4rna!<\/p>\n<\/div><\/div>\n\n\n\n<div style=\"height:100px\" aria-hidden=\"true\" class=\"wp-block-spacer\"><\/div>\n\n\n\n<figure class=\"wp-block-image\"><img alt=\"\"\/><\/figure>\n<\/div><\/div>\n\n\n\n<div class=\"wp-block-cover alignfull has-nv-site-bg-background-color has-background-dim\" style=\"min-height:231px\"><div class=\"wp-block-cover__inner-container\">\n<figure class=\"wp-block-gallery columns-4 is-cropped\"><ul class=\"blocks-gallery-grid\"><li class=\"blocks-gallery-item\"><figure><a href=\"http:\/\/trekab.se\/wp-content\/uploads\/2011\/10\/cropped-vhk.gif\"><img loading=\"lazy\" width=\"400\" height=\"400\" src=\"http:\/\/trekab.se\/wp-content\/uploads\/2011\/10\/cropped-vhk.gif\" alt=\"\" data-id=\"770\" data-full-url=\"http:\/\/trekab.se\/wp-content\/uploads\/2011\/10\/cropped-vhk.gif\" data-link=\"http:\/\/trekab.se\/cropped-vhk-gif\/\" class=\"wp-image-770\"\/><\/a><\/figure><\/li><li class=\"blocks-gallery-item\"><figure><a href=\"http:\/\/trekab.se\/wp-content\/uploads\/2015\/10\/regiongvb.png\"><img loading=\"lazy\" width=\"700\" height=\"700\" src=\"http:\/\/trekab.se\/wp-content\/uploads\/2015\/10\/regiongvb-700x700.png\" alt=\"\" data-id=\"709\" data-full-url=\"http:\/\/trekab.se\/wp-content\/uploads\/2015\/10\/regiongvb.png\" data-link=\"http:\/\/trekab.se\/?attachment_id=709\" class=\"wp-image-709\" srcset=\"http:\/\/trekab.se\/wp-content\/uploads\/2015\/10\/regiongvb-700x700.png 700w, http:\/\/trekab.se\/wp-content\/uploads\/2015\/10\/regiongvb-150x150.png 150w, http:\/\/trekab.se\/wp-content\/uploads\/2015\/10\/regiongvb-250x250.png 250w, http:\/\/trekab.se\/wp-content\/uploads\/2015\/10\/regiongvb-120x120.png 120w, http:\/\/trekab.se\/wp-content\/uploads\/2015\/10\/regiongvb.png 800w\" sizes=\"(max-width: 700px) 100vw, 700px\" \/><\/a><\/figure><\/li><li class=\"blocks-gallery-item\"><figure><a href=\"http:\/\/trekab.se\/wp-content\/uploads\/2015\/10\/logo_lansforsakringar_kronoberg.png\"><img loading=\"lazy\" width=\"700\" height=\"700\" src=\"http:\/\/trekab.se\/wp-content\/uploads\/2015\/10\/logo_lansforsakringar_kronoberg-700x700.png\" alt=\"\" data-id=\"708\" data-full-url=\"http:\/\/trekab.se\/wp-content\/uploads\/2015\/10\/logo_lansforsakringar_kronoberg.png\" data-link=\"http:\/\/trekab.se\/?attachment_id=708\" class=\"wp-image-708\" srcset=\"http:\/\/trekab.se\/wp-content\/uploads\/2015\/10\/logo_lansforsakringar_kronoberg-700x700.png 700w, http:\/\/trekab.se\/wp-content\/uploads\/2015\/10\/logo_lansforsakringar_kronoberg-150x150.png 150w, http:\/\/trekab.se\/wp-content\/uploads\/2015\/10\/logo_lansforsakringar_kronoberg-250x250.png 250w, http:\/\/trekab.se\/wp-content\/uploads\/2015\/10\/logo_lansforsakringar_kronoberg-120x120.png 120w, http:\/\/trekab.se\/wp-content\/uploads\/2015\/10\/logo_lansforsakringar_kronoberg.png 800w\" sizes=\"(max-width: 700px) 100vw, 700px\" \/><\/a><\/figure><\/li><li class=\"blocks-gallery-item\"><figure><a href=\"http:\/\/trekab.se\/wp-content\/uploads\/2015\/10\/innovatum.png\"><img loading=\"lazy\" width=\"700\" height=\"700\" src=\"http:\/\/trekab.se\/wp-content\/uploads\/2015\/10\/innovatum-700x700.png\" alt=\"\" data-id=\"707\" data-full-url=\"http:\/\/trekab.se\/wp-content\/uploads\/2015\/10\/innovatum.png\" data-link=\"http:\/\/trekab.se\/?attachment_id=707\" class=\"wp-image-707\" srcset=\"http:\/\/trekab.se\/wp-content\/uploads\/2015\/10\/innovatum-700x700.png 700w, http:\/\/trekab.se\/wp-content\/uploads\/2015\/10\/innovatum-150x150.png 150w, http:\/\/trekab.se\/wp-content\/uploads\/2015\/10\/innovatum-250x250.png 250w, http:\/\/trekab.se\/wp-content\/uploads\/2015\/10\/innovatum-120x120.png 120w, http:\/\/trekab.se\/wp-content\/uploads\/2015\/10\/innovatum.png 800w\" sizes=\"(max-width: 700px) 100vw, 700px\" \/><\/a><\/figure><\/li><\/ul><\/figure>\n\n\n\n<div class=\"wp-block-group\"><div class=\"wp-block-group__inner-container\">\n<div style=\"height:1px\" aria-hidden=\"true\" class=\"wp-block-spacer\"><\/div>\n\n\n\n<p><\/p>\n<\/div><\/div>\n<\/div><\/div>\n\n\n\n<div class=\"wp-block-cover alignfull has-nv-light-bg-background-color has-background-dim\" style=\"min-height:456px\"><div class=\"wp-block-cover__inner-container\">\n<div class=\"wp-block-group\"><div class=\"wp-block-group__inner-container\">\n<blockquote class=\"wp-block-quote has-text-align-center is-style-default\"><p><span class=\"has-inline-color has-nv-dark-bg-color\">\u201dMed st\u00f6d i sin gedigna och breda utbildning och m\u00e5nga erfarenheter driver hon m\u00f6ten fram\u00e5t, genom sin v\u00e4lvilja och mod utmanar hon deltagarna att p\u00e5 ett tryggt s\u00e4tt ta sig bortanf\u00f6r komfortzonen och de uppenbara l\u00f6sningarna\u201d<\/span><\/p><cite><span class=\"has-inline-color has-nv-dark-bg-color\"><em>Emilie Widarsson<\/em><\/span><\/cite><\/blockquote>\n<\/div><\/div>\n<\/div><\/div>\n\n\n\n<div class=\"wp-block-cover alignfull has-nv-site-bg-background-color has-background-dim\" style=\"min-height:300px\"><div class=\"wp-block-cover__inner-container\">\n<div style=\"height:69px\" aria-hidden=\"true\" class=\"wp-block-spacer\"><\/div>\n\n\n\n<div class=\"wp-block-columns\">\n<div class=\"wp-block-column\">\n<hr class=\"wp-block-separator has-text-color has-background has-neve-link-hover-color-background-color has-neve-link-hover-color-color\"\/>\n\n\n\n<h3 class=\"has-text-align-center has-neve-link-hover-color-color has-text-color\" id=\"block-c3a11ee6-aa7a-48a4-b9eb-0e36312b4bdd\"><i class=\"wp-svg-phone phone\"><\/i><\/h3>\n\n\n\n<h3 class=\"has-text-align-center has-neve-link-color-color has-text-color\">Telefon<\/h3>\n\n\n\n<p class=\"has-text-align-center has-neve-link-color-color has-text-color\">0730-56 04 21<\/p>\n<\/div>\n\n\n\n<div class=\"wp-block-column\">\n<hr class=\"wp-block-separator has-text-color has-background has-neve-link-hover-color-background-color has-neve-link-hover-color-color\"\/>\n\n\n\n<h3 class=\"has-text-align-center has-neve-link-hover-color-color has-text-color\" id=\"block-c3a11ee6-aa7a-48a4-b9eb-0e36312b4bdd\"><i class=\"wp-svg-envelop envelop\"><\/i><\/h3>\n\n\n\n<h3 class=\"has-text-align-center has-neve-link-color-color has-text-color\">Email<\/h3>\n\n\n\n<p class=\"has-text-align-center has-nv-dark-bg-color has-text-color\"><a href=\"mailto:karin.dahlgren@trekconsulting.se\">karin.dahlgren@trekconsulting.se<\/a><\/p>\n<\/div>\n\n\n\n<div class=\"wp-block-column\">\n<hr class=\"wp-block-separator has-text-color has-background has-neve-link-hover-color-background-color has-neve-link-hover-color-color\"\/>\n\n\n\n<h3 class=\"has-text-align-center has-neve-link-hover-color-color has-text-color\" id=\"block-c3a11ee6-aa7a-48a4-b9eb-0e36312b4bdd\"><i class=\"wp-svg-location location\"><\/i><\/h3>\n\n\n\n<h3 class=\"has-text-align-center has-neve-link-color-color has-text-color\">Kontor<\/h3>\n\n\n\n<p class=\"has-text-align-center has-neve-link-color-color has-text-color\">Birger Svenssons v\u00e4g 16F<br>Varberg<\/p>\n<\/div>\n<\/div>\n\n\n\n<div style=\"height:40px\" aria-hidden=\"true\" class=\"wp-block-spacer\"><\/div>\n<\/div><\/div>\n\n\n\n<p><\/p>\n","protected":false},"excerpt":{"rendered":"","protected":false},"author":6,"featured_media":0,"parent":0,"menu_order":0,"comment_status":"closed","ping_status":"closed","template":"","meta":{"neve_meta_sidebar":"full-width","neve_meta_container":"","neve_meta_enable_content_width":"on","neve_meta_content_width":100,"neve_meta_title_alignment":"","neve_meta_author_avatar":"","neve_post_elements_order":"","neve_meta_disable_header":"","neve_meta_disable_footer":"","neve_meta_disable_title":"on","_ti_tpc_template_sync":false,"_ti_tpc_template_id":"t3x60x1arljpehhy6mr6"},"_links":{"self":[{"href":"http:\/\/trekab.se\/index.php\/wp-json\/wp\/v2\/pages\/69"}],"collection":[{"href":"http:\/\/trekab.se\/index.php\/wp-json\/wp\/v2\/pages"}],"about":[{"href":"http:\/\/trekab.se\/index.php\/wp-json\/wp\/v2\/types\/page"}],"author":[{"embeddable":true,"href":"http:\/\/trekab.se\/index.php\/wp-json\/wp\/v2\/users\/6"}],"replies":[{"embeddable":true,"href":"http:\/\/trekab.se\/index.php\/wp-json\/wp\/v2\/comments?post=69"}],"version-history":[{"count":31,"href":"http:\/\/trekab.se\/index.php\/wp-json\/wp\/v2\/pages\/69\/revisions"}],"predecessor-version":[{"id":1267,"href":"http:\/\/trekab.se\/index.php\/wp-json\/wp\/v2\/pages\/69\/revisions\/1267"}],"wp:attachment":[{"href":"http:\/\/trekab.se\/index.php\/wp-json\/wp\/v2\/media?parent=69"}],"curies":[{"name":"wp","href":"https:\/\/api.w.org\/{rel}","templated":true}]}}